{"id":132,"date":"2025-07-31T13:33:50","date_gmt":"2025-07-31T13:33:50","guid":{"rendered":"https:\/\/master.websitesunum.com.tr\/?page_id=132"},"modified":"2025-08-18T07:31:33","modified_gmt":"2025-08-18T07:31:33","slug":"ulasim","status":"publish","type":"page","link":"https:\/\/nobelmastershoes.com\/zh-cn\/ulasim\/","title":{"rendered":"\u8fd0\u8f93"},"content":{"rendered":"<div class=\"wpb-content-wrapper\"><div id=\"ulasim\" class=\"vc_row wpb_row vc_row-fluid wd-rs-688b74522e2c9\"><div class=\"wpb_column vc_column_container vc_col-sm-12\"><div class=\"vc_column-inner\"><div class=\"wpb_wrapper\">\n\t\t<div id=\"wd-6888d4700a435\" class=\"wd-tabs wd-wpb wd-rs-6888d4700a435 tabs-design-simple\">\n\t\t\t<div class=\"wd-tabs-header text-center\">\n\t\t\t\t\n\t\t\t\t\n\t\t\t\t<div class=\"wd-nav-wrapper wd-nav-tabs-wrapper\">\n\t\t\t\t\t<ul class=\"wd-nav wd-nav-tabs wd-icon-pos-left wd-style-default font-primary wd-fontsize-m wd-font-weight-800\">\n\t\t\t\t\t\t\t\t\t\t\t\t\t\n\t\t\t\t\t\t\t<li>\n\t\t\t\t\t\t\t\t<a href=\"#\" class=\"wd-nav-link\">\n\t\t\t\t\t\t\t\t\t\t\t\t\t\t\t\t\t\t\t<span class=\"img-wrapper\"><i class=\"fa fa-solid fa-car-rear\"><\/i><\/span>\t\t\t\t\t\t\t\t\t\t\t\t\t\t\t\t\t\t<span class=\"nav-link-text wd-tabs-title\">\n\t\t\t\t\t\t\t\t\t\t\u7279\u79cd\u8f66\u8f86\t\t\t\t\t\t\t\t\t<\/span>\n\t\t\t\t\t\t\t\t<\/a>\n\t\t\t\t\t\t\t<\/li>\n\n\t\t\t\t\t\t\t\t\t\t\t\t\t\n\t\t\t\t\t\t\t<li>\n\t\t\t\t\t\t\t\t<a href=\"#\" class=\"wd-nav-link\">\n\t\t\t\t\t\t\t\t\t\t\t\t\t\t\t\t\t\t\t<span class=\"img-wrapper\"><i class=\"fa fa-solid fa-bus\"><\/i><\/span>\t\t\t\t\t\t\t\t\t\t\t\t\t\t\t\t\t\t<span class=\"nav-link-text wd-tabs-title\">\n\t\t\t\t\t\t\t\t\t\t\u516c\u5171\u4ea4\u901a\t\t\t\t\t\t\t\t\t<\/span>\n\t\t\t\t\t\t\t\t<\/a>\n\t\t\t\t\t\t\t<\/li>\n\n\t\t\t\t\t\t\t\t\t\t\t\t\t\n\t\t\t\t\t\t\t<li>\n\t\t\t\t\t\t\t\t<a href=\"#\" class=\"wd-nav-link\">\n\t\t\t\t\t\t\t\t\t\t\t\t\t\t\t\t\t\t\t<span class=\"img-wrapper\"><i class=\"fa fa-solid fa-plane-up\"><\/i><\/span>\t\t\t\t\t\t\t\t\t\t\t\t\t\t\t\t\t\t<span class=\"nav-link-text wd-tabs-title\">\n\t\t\t\t\t\t\t\t\t\t\u822a\u7a7a\u516c\u53f8\t\t\t\t\t\t\t\t\t<\/span>\n\t\t\t\t\t\t\t\t<\/a>\n\t\t\t\t\t\t\t<\/li>\n\n\t\t\t\t\t\t\t\t\t\t\t\t\t\n\t\t\t\t\t\t\t<li>\n\t\t\t\t\t\t\t\t<a href=\"#\" class=\"wd-nav-link\">\n\t\t\t\t\t\t\t\t\t\t\t\t\t\t\t\t\t\t\t<span class=\"img-wrapper\"><i class=\"fa fa-solid fa-train-subway\"><\/i><\/span>\t\t\t\t\t\t\t\t\t\t\t\t\t\t\t\t\t\t<span class=\"nav-link-text wd-tabs-title\">\n\t\t\t\t\t\t\t\t\t\t\u94c1\u8def\t\t\t\t\t\t\t\t\t<\/span>\n\t\t\t\t\t\t\t\t<\/a>\n\t\t\t\t\t\t\t<\/li>\n\n\t\t\t\t\t\t\t\t\t\t\t\t\t\n\t\t\t\t\t\t\t<li>\n\t\t\t\t\t\t\t\t<a href=\"#\" class=\"wd-nav-link\">\n\t\t\t\t\t\t\t\t\t\t\t\t\t\t\t\t\t\t\t<span class=\"img-wrapper\"><i class=\"fa fa-solid fa-taxi\"><\/i><\/span>\t\t\t\t\t\t\t\t\t\t\t\t\t\t\t\t\t\t<span class=\"nav-link-text wd-tabs-title\">\n\t\t\t\t\t\t\t\t\t\t\u51fa\u79df\u8f66\u6216\u79c1\u4eba\u63a5\u9001\t\t\t\t\t\t\t\t\t<\/span>\n\t\t\t\t\t\t\t\t<\/a>\n\t\t\t\t\t\t\t<\/li>\n\n\t\t\t\t\t\t\n\t\t\t\t\t<\/ul>\n\t\t\t\t<\/div>\n\t\t\t<\/div>\n\n\t\t\t<div class=\"wd-tabs-content-wrapper\">\n\t\t\t\t\n\t\t<div class=\"wd-tab-content\">\n\t\t\t\t\t\t\t<div class=\"wd-entry-content\">\n\t\t\t\t\t- \u6e38\u4e50\u573a\u8ddd\u79bb\u79d1\u5c3c\u4e9a\u5e02\u4e2d\u5fc3\u7ea6 20-25 \u5206\u949f\u8f66\u7a0b\u3002<br \/>\n- \u53ef\u901a\u8fc7\u5b89\u5361\u62c9\u8857\u76f4\u63a5\u524d\u5f80\u6e38\u4e50\u573a\u3002<br \/>\n- \u6e38\u4e50\u573a\u63d0\u4f9b\u514d\u8d39\u505c\u8f66\u573a\u3002<\/p>\n<p>\t\t\t\t<\/div>\n\t\t\t\t\t<\/div>\n\n\t\t\n\t\t<div class=\"wd-tab-content\">\n\t\t\t\t\t\t\t<div class=\"wd-entry-content\">\n\t\t\t\t\t- \u60a8\u53ef\u4ee5\u4ece\u79d1\u5c3c\u4e9a\u5e02\u4e2d\u5fc3\u4e58\u5750\u6709\u8f68\u7535\u8f66\u548c\u516c\u5171\u6c7d\u8f66\u7b49\u516c\u5171\u4ea4\u901a\u7ebf\u8def\u524d\u5f80\u6e38\u4e50\u573a\u3002<br \/>\n- \u516c\u4ea4\u7ebf\u8def\uff1a51A\u300159B\u300160 \u548c 66 \u53f7\u7ebf\u9760\u8fd1\u5c55\u89c8\u4e2d\u5fc3\u3002<br \/>\n- \u8f66\u7ad9\u53ef\u901a\u8fc7 \"T\u00dcYAP \/ Fairground \"\u6216\u6700\u8fd1\u7684\u8f66\u7ad9 \"Karatay Bus Station \"\u6b65\u884c\u524d\u5f80\u3002<br \/>\n- \u4e86\u89e3\u5f53\u524d\u8def\u7ebf\u548c\u65f6\u95f4\u4fe1\u606f\uff1a<br \/>\n\ud83d\udd17<a href=\"http:\/\/www.konya.bel.tr\"> www.konya.bel.tr<\/a> \u6216 <a href=\"http:\/\/www.atus.konya.bel.tr\">www.atus.konya.bel.tr<\/a>\t\t\t\t<\/div>\n\t\t\t\t\t<\/div>\n\n\t\t\n\t\t<div class=\"wd-tab-content\">\n\t\t\t\t\t\t\t<div class=\"wd-entry-content\">\n\t\t\t\t\t- \u79d1\u5c3c\u4e9a\u673a\u573a\uff08KYA\uff09\u8ddd\u79bb\u5c55\u4f1a\u4e2d\u5fc3\u7ea6 30-35 \u5206\u949f\u8f66\u7a0b\u3002<br \/>\n- \u53ef\u4e58\u5750\u51fa\u79df\u8f66\u3001\u79df\u8f66\u6216\u79c1\u4eba\u63a5\u9001\u76f4\u63a5\u524d\u5f80\u3002<br \/>\n- \u4ece\u673a\u573a\u62b5\u8fbe\u5e02\u4e2d\u5fc3\u540e\uff0c\u60a8\u53ef\u4ee5\u4e58\u5750\u516c\u5171\u6c7d\u8f66\u6216\u6709\u8f68\u7535\u8f66\u524d\u5f80\u6e38\u4e50\u573a\u3002\t\t\t\t<\/div>\n\t\t\t\t\t<\/div>\n\n\t\t\n\t\t<div class=\"wd-tab-content\">\n\t\t\t\t\t\t\t<div class=\"wd-entry-content\">\n\t\t\t\t\t- \u79d1\u5c3c\u4e9a\u706b\u8f66\u7ad9\uff08YHT - \u9ad8\u901f\u5217\u8f66\u7ad9\uff09\u4f4d\u4e8e\u5e02\u4e2d\u5fc3\u3002<br \/>\n- \u4ece\u706b\u8f66\u7ad9\u4e58\u5750\u51fa\u79df\u8f66\u7ea6 20-25 \u5206\u949f\u5373\u53ef\u5230\u8fbe\u5c55\u89c8\u4e2d\u5fc3\u3002<br \/>\n- \u516c\u5171\u4ea4\u901a\u65b9\u9762\uff0c\u4e5f\u53ef\u4e58\u5750\u516c\u4ea4\u7ebf\u8def\u524d\u5f80\u6c7d\u8f66\u7ad9\/\u6e38\u4e50\u573a\u3002\t\t\t\t<\/div>\n\t\t\t\t\t<\/div>\n\n\t\t\n\t\t<div class=\"wd-tab-content\">\n\t\t\t\t\t\t\t<div class=\"wd-entry-content\">\n\t\t\t\t\t- \u4ece\u5e02\u4e2d\u5fc3\u4e58\u5750\u51fa\u79df\u8f66\u7684\u5e73\u5747\u8d39\u7528\uff1a200-250 \u571f\u8033\u5176\u91cc\u62c9\uff08\u622a\u81f3 2025 \u5e74 7 \u6708\uff09<br \/>\n- \u63d0\u4f9b\u4ece\u673a\u573a\u3001\u706b\u8f66\u7ad9\u6216\u9152\u5e97\u7684\u79c1\u4eba\u63a5\u9001\u670d\u52a1\u3002<\/p>\n<p>\t\t\t\t<\/div>\n\t\t\t\t\t<\/div>\n\n\t\t\t\t\t<\/div>\n\t\t<\/div>\n\n\t\t<\/div><\/div><\/div><\/div><div class=\"vc_row wpb_row vc_row-fluid\"><div class=\"wpb_column vc_column_container vc_col-sm-12\"><div class=\"vc_column-inner\"><div class=\"wpb_wrapper\">\t\t\t<div class=\"info-box-wrapper\">\n\t\t\t\t<div id=\"wd-68a2d6d07cf0e\" class=\"wd-rs-68a2d6d07cf0e wd-info-box wd-wpb text-left box-icon-align-left box-style- color-scheme- wd-bg-none wd-items-middle\">\n\t\t\t\t\t\t\t\t\t\t\t<div class=\"box-icon-wrapper  box-with-icon box-icon-simple\">\n\t\t\t\t\t\t\t<div class=\"info-box-icon\">\n\n\t\t\t\t\t\t\t\n\t\t\t\t\t\t\t\t\t\t\t\t\t\t\t\t\t<div class=\"info-svg-wrapper\" style=\"width: 40px;height: 40px;\"><img decoding=\"async\"  src=\"https:\/\/nobelmastershoes.com\/wp-content\/uploads\/2025\/08\/map-location-dot-solid-1.svg\" title=\"\u5730\u56fe\u4f4d\u7f6e-\u70b9-\u5b9e\u4f53\" loading=\"lazy\" width=\"40\" height=\"40\"><\/div>\t\t\t\t\t\t\t\t\t\t\t\t\t\t\t\n\t\t\t\t\t\t\t<\/div>\n\t\t\t\t\t\t<\/div>\n\t\t\t\t\t\t\t\t\t\t<div class=\"info-box-content\">\n\t\t\t\t\t\t<h4 class=\"info-box-title title box-title-style-default wd-fontsize-xl\">T\u00dcYAP \u5b54\u4e9a\u56fd\u9645\u5c55\u89c8\u4e2d\u5fc3<\/h4>\t\t\t\t\t\t<div class=\"info-box-inner reset-last-child\"><\/div>\n\n\t\t\t\t\t\t\t\t\t\t\t<\/div>\n\n\t\t\t\t\t\n\t\t\t\t\t\t\t\t\t<\/div>\n\t\t\t<\/div>\n\t\t<\/div><\/div><\/div><\/div><div class=\"vc_row wpb_row vc_row-fluid\"><div class=\"wpb_column vc_column_container vc_col-sm-12\"><div class=\"vc_column-inner\"><div class=\"wpb_wrapper\">\n\t<div class=\"wpb_raw_code wpb_raw_html wpb_content_element\" >\n\t\t<div class=\"wpb_wrapper\">\n\t\t\t<iframe src=\"https:\/\/www.google.com\/maps\/embed?pb=!1m18!1m12!1m3!1d3146.3955053816344!2d32.558716076424986!3d37.94455020236114!2m3!1f0!2f0!3f0!3m2!1i1024!2i768!4f13.1!3m3!1m2!1s0x14d0919321dc29c3%3A0xc16cc6063bd1497e!2sT%C3%9CYAP%20KONYA!5e0!3m2!1str!2str!4v1753969084380!5m2!1str!2str\" width=\"100%\" height=\"450\" style=\"border:0;\" allowfullscreen=\"\" loading=\"lazy\" referrerpolicy=\"no-referrer-when-downgrade\"><\/iframe>\n\t\t<\/div>\n\t<\/div>\n<\/div><\/div><\/div><\/div>\n<\/div>","protected":false},"excerpt":{"rendered":"\u00d6zel Ara\u00e7 Toplu Ta\u015f\u0131ma Havayolu Demiryolu Taksi veya \u00d6zel Transfer \u2022 Fuar alan\u0131, Konya \u015fehir merkezine yakla\u015f\u0131k 20\u201325 dakika s\u00fcr\u00fc\u015f","protected":false},"author":1,"featured_media":0,"parent":0,"menu_order":0,"comment_status":"closed","ping_status":"closed","template":"","meta":{"footnotes":""},"class_list":["post-132","page","type-page","status-publish","hentry"],"_links":{"self":[{"href":"https:\/\/nobelmastershoes.com\/zh-cn\/wp-json\/wp\/v2\/pages\/132","targetHints":{"allow":["GET"]}}],"collection":[{"href":"https:\/\/nobelmastershoes.com\/zh-cn\/wp-json\/wp\/v2\/pages"}],"about":[{"href":"https:\/\/nobelmastershoes.com\/zh-cn\/wp-json\/wp\/v2\/types\/page"}],"author":[{"embeddable":true,"href":"https:\/\/nobelmastershoes.com\/zh-cn\/wp-json\/wp\/v2\/users\/1"}],"replies":[{"embeddable":true,"href":"https:\/\/nobelmastershoes.com\/zh-cn\/wp-json\/wp\/v2\/comments?post=132"}],"version-history":[{"count":0,"href":"https:\/\/nobelmastershoes.com\/zh-cn\/wp-json\/wp\/v2\/pages\/132\/revisions"}],"wp:attachment":[{"href":"https:\/\/nobelmastershoes.com\/zh-cn\/wp-json\/wp\/v2\/media?parent=132"}],"curies":[{"name":"wp","href":"https:\/\/api.w.org\/{rel}","templated":true}]}}