{"id":123,"date":"2025-07-31T13:19:55","date_gmt":"2025-07-31T13:19:55","guid":{"rendered":"https:\/\/master.websitesunum.com.tr\/?page_id=123"},"modified":"2025-07-31T13:33:28","modified_gmt":"2025-07-31T13:33:28","slug":"yardim","status":"publish","type":"page","link":"https:\/\/nobelmastershoes.com\/zh-cn\/yardim\/","title":{"rendered":"\u5e2e\u52a9"},"content":{"rendered":"<div class=\"wpb-content-wrapper\"><div id=\"soru\" class=\"vc_row wpb_row vc_row-fluid wd-rs-6877912fe5f3f\"><div class=\"wpb_column vc_column_container vc_col-sm-12\"><div class=\"vc_column-inner\"><div class=\"wpb_wrapper\">\n\t\t<div id=\"wd-688b6ed73a8d6\" class=\"title-wrapper wd-wpb wd-set-mb reset-last-child  wd-animation-slide-from-right wd-animation-normal wd_delay_200 wd-rs-688b6ed73a8d6 wd-title-color-default wd-title-style-default text-center  wd-underline-colored\">\n\t\t\t\n\t\t\t<div class=\"liner-continer\">\n\t\t\t\t<h2 class=\"woodmart-title-container title  wd-font-weight- wd-fontsize-xxxl\" >S.S.S. \u4e3a\u53c2\u4e0e\u8005\u670d\u52a1\u3002<\/h2>\n\t\t\t\t\t\t\t<\/div>\n\t\t\t\n\t\t\t\n\t\t\t\n\t\t<\/div>\n\t\t\n\t\t\n\t\t<div id=\"wd-6877677af227b\" class=\"wd-accordion wd-wpb wd-animation-slide-from-right wd-animation-normal wd_delay_200 wd-rs-6877677af227b  wd-style-default wd-titles-left wd-opener-pos-left wd-opener-style-arrow\" data-state=\"all_closed\">\n\t\t\t\t\t\t\t\n\t\t\t\t\n\t\t\t\t<div class=\"wd-accordion-item\">\n\t\t\t\t\t<div class=\"wd-accordion-title font-primary wd-fontsize-l wd-font-weight-600\" data-accordion-index=\"0\">\n\t\t\t\t\t\t<div class=\"wd-accordion-title-text\">\n\t\t\t\t\t\t\t\t\t\t\t\t\t\t<span>\n\t\t\t\t\t\t\t\t\u5982\u4f55\u62a5\u540d\u53c2\u52a0\u535a\u89c8\u4f1a\uff1f\t\t\t\t\t\t\t<\/span>\n\t\t\t\t\t\t<\/div>\n\t\t\t\t\t\t<span class=\"wd-accordion-opener\"><\/span>\n\t\t\t\t\t<\/div>\n\n\t\t\t\t\t<div class=\"wd-accordion-content wd-entry-content wd-fontsize-m\" data-accordion-index=\"0\">\n\t\t\t\t\t\t\t\t\t\t\t\t\t<p>\u60a8\u53ef\u4ee5\u5728\u6211\u4eec\u7684\u7f51\u7ad9\u4e0a\u586b\u5199 \"\u53c2\u5c55\u7533\u8bf7\u8868\"\uff0c\u5f00\u59cb\u7533\u8bf7\u53c2\u5c55\u3002\u8bf7\u52a1\u5fc5\u786e\u4fdd\u60a8\u7684\u4fe1\u606f\u6b63\u786e\u5b8c\u6574\uff0c\u4ee5\u4fbf\u6211\u4eec\u5feb\u901f\u8bc4\u4f30\u60a8\u7684\u7533\u8bf7\u3002\u6211\u4eec\u7684\u9500\u552e\u56e2\u961f\u5c06\u5c3d\u5feb\u4e0e\u60a8\u8054\u7cfb\u3002<\/p>\n\t\t\t\t\t\t\t\t\t\t\t<\/div>\n\t\t\t\t<\/div>\n\t\t\t\t\t\t\t\n\t\t\t\t\n\t\t\t\t<div class=\"wd-accordion-item\">\n\t\t\t\t\t<div class=\"wd-accordion-title font-primary wd-fontsize-l wd-font-weight-600\" data-accordion-index=\"1\">\n\t\t\t\t\t\t<div class=\"wd-accordion-title-text\">\n\t\t\t\t\t\t\t\t\t\t\t\t\t\t<span>\n\t\t\t\t\t\t\t\t\u6211\u53ef\u4ee5\u53c2\u5c55\u54ea\u4e9b\u4ea7\u54c1\u7ec4\uff1f\t\t\t\t\t\t\t<\/span>\n\t\t\t\t\t\t<\/div>\n\t\t\t\t\t\t<span class=\"wd-accordion-opener\"><\/span>\n\t\t\t\t\t<\/div>\n\n\t\t\t\t\t<div class=\"wd-accordion-content wd-entry-content wd-fontsize-m\" data-accordion-index=\"1\">\n\t\t\t\t\t\t\t\t\t\t\t\t\t<p>\u53ef\u53c2\u5c55\u7684\u4ea7\u54c1\u7c7b\u522b\u8be6\u89c1 \"\u53c2\u5c55\u5546\u7b80\u4ecb \"\u9875\u9762\u3002\u53c2\u5c55\u4ea7\u54c1\u5fc5\u987b\u4e0e\u884c\u4e1a\u76f8\u7b26\u3002<\/p>\n\t\t\t\t\t\t\t\t\t\t\t<\/div>\n\t\t\t\t<\/div>\n\t\t\t\t\t\t\t\n\t\t\t\t\n\t\t\t\t<div class=\"wd-accordion-item\">\n\t\t\t\t\t<div class=\"wd-accordion-title font-primary wd-fontsize-l wd-font-weight-600\" data-accordion-index=\"2\">\n\t\t\t\t\t\t<div class=\"wd-accordion-title-text\">\n\t\t\t\t\t\t\t\t\t\t\t\t\t\t<span>\n\t\t\t\t\t\t\t\t\u5982\u4f55\u67e5\u770b\u5e73\u9762\u5e03\u7f6e\u56fe\uff1f\t\t\t\t\t\t\t<\/span>\n\t\t\t\t\t\t<\/div>\n\t\t\t\t\t\t<span class=\"wd-accordion-opener\"><\/span>\n\t\t\t\t\t<\/div>\n\n\t\t\t\t\t<div class=\"wd-accordion-content wd-entry-content wd-fontsize-m\" data-accordion-index=\"2\">\n\t\t\t\t\t\t\t\t\t\t\t\t\t<p>\u60a8\u53ef\u4ee5\u5411\u9500\u552e\u4ee3\u8868\u7d22\u53d6\u5c55\u533a\u5e73\u9762\u56fe\u3002\u76f8\u5173\u5e73\u9762\u56fe\u5c06\u5728\u60a8\u9009\u62e9\u5c55\u53f0\u65f6\u53d1\u9001\u7ed9\u60a8<\/p>\n\t\t\t\t\t\t\t\t\t\t\t<\/div>\n\t\t\t\t<\/div>\n\t\t\t\t\t\t\t\n\t\t\t\t\n\t\t\t\t<div class=\"wd-accordion-item\">\n\t\t\t\t\t<div class=\"wd-accordion-title font-primary wd-fontsize-l wd-font-weight-600\" data-accordion-index=\"3\">\n\t\t\t\t\t\t<div class=\"wd-accordion-title-text\">\n\t\t\t\t\t\t\t\t\t\t\t\t\t\t<span>\n\t\t\t\t\t\t\t\t\u5982\u4f55\u786e\u5b9a\u5c55\u53f0\u4f4d\u7f6e\uff1f\t\t\t\t\t\t\t<\/span>\n\t\t\t\t\t\t<\/div>\n\t\t\t\t\t\t<span class=\"wd-accordion-opener\"><\/span>\n\t\t\t\t\t<\/div>\n\n\t\t\t\t\t<div class=\"wd-accordion-content wd-entry-content wd-fontsize-m\" data-accordion-index=\"3\">\n\t\t\t\t\t\t\t\t\t\t\t\t\t<p>\u60a8\u7684\u9500\u552e\u4ee3\u8868\u5c06\u6839\u636e\u60a8\u7684\u9700\u6c42\u548c\u4ea7\u54c1\u7c7b\u578b\u5e2e\u52a9\u60a8\u89c4\u5212\u6700\u5408\u9002\u7684\u5c55\u53f0\u533a\u57df\u3002\u5c55\u53f0\u5e03\u5c40\u6309\u7167\u5e94\u7528\u987a\u5e8f\u548c\u884c\u4e1a\u5206\u5e03\u8fdb\u884c\u7ec4\u7ec7\u3002<\/p>\n\t\t\t\t\t\t\t\t\t\t\t<\/div>\n\t\t\t\t<\/div>\n\t\t\t\t\t\t\t\n\t\t\t\t\n\t\t\t\t<div class=\"wd-accordion-item\">\n\t\t\t\t\t<div class=\"wd-accordion-title font-primary wd-fontsize-l wd-font-weight-600\" data-accordion-index=\"4\">\n\t\t\t\t\t\t<div class=\"wd-accordion-title-text\">\n\t\t\t\t\t\t\t\t\t\t\t\t\t\t<span>\n\t\t\t\t\t\t\t\t\u535a\u89c8\u4f1a\u7684\u65e5\u671f\u548c\u65f6\u95f4\u662f\u4ec0\u4e48\uff1f\t\t\t\t\t\t\t<\/span>\n\t\t\t\t\t\t<\/div>\n\t\t\t\t\t\t<span class=\"wd-accordion-opener\"><\/span>\n\t\t\t\t\t<\/div>\n\n\t\t\t\t\t<div class=\"wd-accordion-content wd-entry-content wd-fontsize-m\" data-accordion-index=\"4\">\n\t\t\t\t\t\t\t\t\t\t\t\t\t\n<ul>\n<li>2025 \u5e74 10 \u6708 22 \u65e5 10:00 - 18:00<\/li>\n<li>2025 \u5e74 10 \u6708 23 \u65e5 09:00 - 18:00<\/li>\n<li>2025 \u5e74 10 \u6708 24 \u65e5 09:00 - 18:00<\/li>\n<li>2025 \u5e74 10 \u6708 25 \u65e5 09:00 - 17:00<\/li>\n<li><\/li>\n<\/ul>\n\t\t\t\t\t\t\t\t\t\t\t<\/div>\n\t\t\t\t<\/div>\n\t\t\t\t\t\t\t\n\t\t\t\t\n\t\t\t\t<div class=\"wd-accordion-item\">\n\t\t\t\t\t<div class=\"wd-accordion-title font-primary wd-fontsize-l wd-font-weight-600\" data-accordion-index=\"5\">\n\t\t\t\t\t\t<div class=\"wd-accordion-title-text\">\n\t\t\t\t\t\t\t\t\t\t\t\t\t\t<span>\n\t\t\t\t\t\t\t\t\u535a\u89c8\u4f1a\u5728\u54ea\u91cc\u4e3e\u529e\uff0c\u5982\u4f55\u524d\u5f80\uff1f\t\t\t\t\t\t\t<\/span>\n\t\t\t\t\t\t<\/div>\n\t\t\t\t\t\t<span class=\"wd-accordion-opener\"><\/span>\n\t\t\t\t\t<\/div>\n\n\t\t\t\t\t<div class=\"wd-accordion-content wd-entry-content wd-fontsize-m\" data-accordion-index=\"5\">\n\t\t\t\t\t\t\t\t\t\t\t\t\t<p>\u5c55\u4f1a\u5728\u5b54\u4e9a\u5546\u4f1a - T\u00dcYAP \u5b54\u4e9a\u56fd\u9645\u5c55\u89c8\u4e2d\u5fc3\u4e3e\u884c\u3002\u5730\u5740\u548c\u4ea4\u901a\u8be6\u60c5\u8bf7\u53c2\u9605 \"\u4ea4\u901a \"\u9875\u9762<\/p>\n\t\t\t\t\t\t\t\t\t\t\t<\/div>\n\t\t\t\t<\/div>\n\t\t\t\t\t\t\t\n\t\t\t\t\n\t\t\t\t<div class=\"wd-accordion-item\">\n\t\t\t\t\t<div class=\"wd-accordion-title font-primary wd-fontsize-l wd-font-weight-600\" data-accordion-index=\"6\">\n\t\t\t\t\t\t<div class=\"wd-accordion-title-text\">\n\t\t\t\t\t\t\t\t\t\t\t\t\t\t<span>\n\t\t\t\t\t\t\t\t\u5c55\u53f0\u8bbe\u8ba1\u80fd\u5426\u5f97\u5230\u652f\u6301\uff1f\t\t\t\t\t\t\t<\/span>\n\t\t\t\t\t\t<\/div>\n\t\t\t\t\t\t<span class=\"wd-accordion-opener\"><\/span>\n\t\t\t\t\t<\/div>\n\n\t\t\t\t\t<div class=\"wd-accordion-content wd-entry-content wd-fontsize-m\" data-accordion-index=\"6\">\n\t\t\t\t\t\t\t\t\t\t\t\t\t<p>\u5982\u679c\u60a8\u613f\u610f\uff0c\u8fd8\u53ef\u4ee5\u4ece\u8be5\u7ec4\u7ec7\u63d0\u4f9b\u7684\u5c55\u53f0\u5e03\u7f6e\u548c\u8bbe\u8ba1\u670d\u52a1\u4e2d\u83b7\u76ca\u3002\u6b64\u5916\uff0c\u60a8\u4e5f\u53ef\u4ee5\u4e0e\u81ea\u5df1\u7684\u89e3\u51b3\u65b9\u6848\u5408\u4f5c\u4f19\u4f34\u5408\u4f5c\u3002\u8be6\u60c5\u8bf7\u8054\u7cfb\u6211\u4eec\u7684\u9500\u552e\u4ee3\u8868\u3002<\/p>\n\t\t\t\t\t\t\t\t\t\t\t<\/div>\n\t\t\t\t<\/div>\n\t\t\t\t\t\t\t\n\t\t\t\t\n\t\t\t\t<div class=\"wd-accordion-item\">\n\t\t\t\t\t<div class=\"wd-accordion-title font-primary wd-fontsize-l wd-font-weight-600\" data-accordion-index=\"7\">\n\t\t\t\t\t\t<div class=\"wd-accordion-title-text\">\n\t\t\t\t\t\t\t\t\t\t\t\t\t\t<span>\n\t\t\t\t\t\t\t\t\u5982\u4f55\u63d0\u9ad8\u54c1\u724c\u77e5\u540d\u5ea6\uff1f\t\t\t\t\t\t\t<\/span>\n\t\t\t\t\t\t<\/div>\n\t\t\t\t\t\t<span class=\"wd-accordion-opener\"><\/span>\n\t\t\t\t\t<\/div>\n\n\t\t\t\t\t<div class=\"wd-accordion-content wd-entry-content wd-fontsize-m\" data-accordion-index=\"7\">\n\t\t\t\t\t\t\t\t\t\t\t\t\t<p>\u60a8\u53ef\u4ee5\u5229\u7528\u5e7f\u544a\u7a7a\u95f4\u3001\u6570\u5b57\u5a92\u4f53\u89e3\u51b3\u65b9\u6848\u3001\u8d5e\u52a9\u673a\u4f1a\u548c\u793e\u4ea4\u5a92\u4f53\u5185\u5bb9\u5236\u4f5c\u7b49\u670d\u52a1\u6765\u63d0\u9ad8\u60a8\u7684\u77e5\u540d\u5ea6\u3002<\/p>\n\t\t\t\t\t\t\t\t\t\t\t<\/div>\n\t\t\t\t<\/div>\n\t\t\t\t\t\t\t\n\t\t\t\t\n\t\t\t\t<div class=\"wd-accordion-item\">\n\t\t\t\t\t<div class=\"wd-accordion-title font-primary wd-fontsize-l wd-font-weight-600\" data-accordion-index=\"8\">\n\t\t\t\t\t\t<div class=\"wd-accordion-title-text\">\n\t\t\t\t\t\t\t\t\t\t\t\t\t\t<span>\n\t\t\t\t\t\t\t\t\u535a\u89c8\u4f1a\u4e0a\u6709\u9910\u996e\u8bbe\u65bd\u5417\uff1f\t\t\t\t\t\t\t<\/span>\n\t\t\t\t\t\t<\/div>\n\t\t\t\t\t\t<span class=\"wd-accordion-opener\"><\/span>\n\t\t\t\t\t<\/div>\n\n\t\t\t\t\t<div class=\"wd-accordion-content wd-entry-content wd-fontsize-m\" data-accordion-index=\"8\">\n\t\t\t\t\t\t\t\t\t\t\t\t\t<p>\u6709\u6e38\u4e50\u573a\u5185\u6709\u9910\u5385\u3001\u5496\u5561\u9986\u548c\u5feb\u9910\u5e97\u3002<\/p>\n\t\t\t\t\t\t\t\t\t\t\t<\/div>\n\t\t\t\t<\/div>\n\t\t\t\t\t\t\t\n\t\t\t\t\n\t\t\t\t<div class=\"wd-accordion-item\">\n\t\t\t\t\t<div class=\"wd-accordion-title font-primary wd-fontsize-l wd-font-weight-600\" data-accordion-index=\"9\">\n\t\t\t\t\t\t<div class=\"wd-accordion-title-text\">\n\t\t\t\t\t\t\t\t\t\t\t\t\t\t<span>\n\t\t\t\t\t\t\t\t\u6709\u505c\u8f66\u573a\u5417\uff1f\t\t\t\t\t\t\t<\/span>\n\t\t\t\t\t\t<\/div>\n\t\t\t\t\t\t<span class=\"wd-accordion-opener\"><\/span>\n\t\t\t\t\t<\/div>\n\n\t\t\t\t\t<div class=\"wd-accordion-content wd-entry-content wd-fontsize-m\" data-accordion-index=\"9\">\n\t\t\t\t\t\t\t\t\t\t\t\t\t<p>\u4e3a\u53c2\u5c55\u5546\u548c\u53c2\u89c2\u8005\u63d0\u4f9b\u514d\u8d39\u505c\u8f66\u573a\u3002<\/p>\n\t\t\t\t\t\t\t\t\t\t\t<\/div>\n\t\t\t\t<\/div>\n\t\t\t\t\t\t\t\n\t\t\t\t\n\t\t\t\t<div class=\"wd-accordion-item\">\n\t\t\t\t\t<div class=\"wd-accordion-title font-primary wd-fontsize-l wd-font-weight-600\" data-accordion-index=\"10\">\n\t\t\t\t\t\t<div class=\"wd-accordion-title-text\">\n\t\t\t\t\t\t\t\t\t\t\t\t\t\t<span>\n\t\t\t\t\t\t\t\t\u9644\u8fd1\u6709\u54ea\u4e9b\u9152\u5e97\u548c\u4f4f\u5bbf\u9009\u62e9\uff1f\t\t\t\t\t\t\t<\/span>\n\t\t\t\t\t\t<\/div>\n\t\t\t\t\t\t<span class=\"wd-accordion-opener\"><\/span>\n\t\t\t\t\t<\/div>\n\n\t\t\t\t\t<div class=\"wd-accordion-content wd-entry-content wd-fontsize-m\" data-accordion-index=\"10\">\n\t\t\t\t\t\t\t\t\t\t\t\t\t<p>\u4f4f\u5bbf \"\u9875\u9762\u5217\u51fa\u4e86\u9760\u8fd1\u79d1\u5c3c\u4e9a\u5e02\u4e2d\u5fc3\u548c\u6e38\u4e50\u573a\u7684\u9152\u5e97\u9009\u62e9\u3002\u60a8\u53ef\u5411\u9500\u552e\u4ee3\u8868\u7d22\u53d6\u63a8\u8350\u9152\u5e97\u5217\u8868\u3002<\/p>\n\t\t\t\t\t\t\t\t\t\t\t<\/div>\n\t\t\t\t<\/div>\n\t\t\t\t\t\t\t\n\t\t\t\t\n\t\t\t\t<div class=\"wd-accordion-item\">\n\t\t\t\t\t<div class=\"wd-accordion-title font-primary wd-fontsize-l wd-font-weight-600\" data-accordion-index=\"11\">\n\t\t\t\t\t\t<div class=\"wd-accordion-title-text\">\n\t\t\t\t\t\t\t\t\t\t\t\t\t\t<span>\n\t\t\t\t\t\t\t\t\u5b89\u88c5\u548c\u62c6\u9664\u65e5\u671f\u662f\u4ec0\u4e48\u65f6\u5019\uff1f\t\t\t\t\t\t\t<\/span>\n\t\t\t\t\t\t<\/div>\n\t\t\t\t\t\t<span class=\"wd-accordion-opener\"><\/span>\n\t\t\t\t\t<\/div>\n\n\t\t\t\t\t<div class=\"wd-accordion-content wd-entry-content wd-fontsize-m\" data-accordion-index=\"11\">\n\t\t\t\t\t\t\t\t\t\t\t\t\t<p>\u5b89\u88c5\u548c\u62c6\u5378\u65e5\u671f\u5c06\u7531\u552e\u540e\u652f\u6301\u56e2\u961f\u901a\u77e5\u60a8\u3002\u8be6\u60c5\u8bf7\u53c2\u89c1\u6280\u672f\u51fa\u52e4\u624b\u518c\u3002<\/p>\n\t\t\t\t\t\t\t\t\t\t\t<\/div>\n\t\t\t\t<\/div>\n\t\t\t\t\t\t\t\t\t\t\t\t\t\t<\/div>\n\n\t\t\n\t\t<div id=\"wd-688a0bee8a026\" class=\"title-wrapper wd-wpb wd-set-mb reset-last-child  wd-animation-slide-from-right wd-animation-normal wd_delay_200 wd-rs-688a0bee8a026 wd-title-color-default wd-title-style-default text-center  wd-underline-colored\">\n\t\t\t\n\t\t\t<div class=\"liner-continer\">\n\t\t\t\t<h2 class=\"woodmart-title-container title  wd-font-weight- wd-fontsize-xxxl\" >S.S.S. \u4f9b\u6e38\u5ba2\u4f7f\u7528\u3002<\/h2>\n\t\t\t\t\t\t\t<\/div>\n\t\t\t\n\t\t\t\n\t\t\t\n\t\t<\/div>\n\t\t\n\t\t\n\t\t<div id=\"wd-6877677af227b\" class=\"wd-accordion wd-wpb wd-animation-slide-from-right wd-animation-normal wd_delay_200 wd-rs-6877677af227b  wd-style-default wd-titles-left wd-opener-pos-left wd-opener-style-arrow\" data-state=\"all_closed\">\n\t\t\t\t\t\t\t\n\t\t\t\t\n\t\t\t\t<div class=\"wd-accordion-item\">\n\t\t\t\t\t<div class=\"wd-accordion-title font-primary wd-fontsize-l wd-font-weight-600\" data-accordion-index=\"0\">\n\t\t\t\t\t\t<div class=\"wd-accordion-title-text\">\n\t\t\t\t\t\t\t\t\t\t\t\t\t\t<span>\n\t\t\t\t\t\t\t\t\u662f\u5426\u6536\u53d6\u5165\u573a\u8d39\uff1f\t\t\t\t\t\t\t<\/span>\n\t\t\t\t\t\t<\/div>\n\t\t\t\t\t\t<span class=\"wd-accordion-opener\"><\/span>\n\t\t\t\t\t<\/div>\n\n\t\t\t\t\t<div class=\"wd-accordion-content wd-entry-content wd-fontsize-m\" data-accordion-index=\"0\">\n\t\t\t\t\t\t\t\t\t\t\t\t\t<p>\u4e0d\uff0c\"MasterShoes 2025 \"\u7684\u4ecb\u7ecd\u662f\u9488\u5bf9\u884c\u4e1a\u4e13\u4e1a\u4eba\u58eb\u7684 <strong>\u514d\u8d39<\/strong>.<\/p>\n\t\t\t\t\t\t\t\t\t\t\t<\/div>\n\t\t\t\t<\/div>\n\t\t\t\t\t\t\t\n\t\t\t\t\n\t\t\t\t<div class=\"wd-accordion-item\">\n\t\t\t\t\t<div class=\"wd-accordion-title font-primary wd-fontsize-l wd-font-weight-600\" data-accordion-index=\"1\">\n\t\t\t\t\t\t<div class=\"wd-accordion-title-text\">\n\t\t\t\t\t\t\t\t\t\t\t\t\t\t<span>\n\t\t\t\t\t\t\t\t\u5728\u54ea\u91cc\u6ce8\u518c\uff1f\t\t\t\t\t\t\t<\/span>\n\t\t\t\t\t\t<\/div>\n\t\t\t\t\t\t<span class=\"wd-accordion-opener\"><\/span>\n\t\t\t\t\t<\/div>\n\n\t\t\t\t\t<div class=\"wd-accordion-content wd-entry-content wd-fontsize-m\" data-accordion-index=\"1\">\n\t\t\t\t\t\t\t\t\t\t\t\t\t<p>\u60a8\u53ef\u4ee5\u5728\u7f51\u7ad9\u4e0a\u7684 \"\u89c2\u4f17\u767b\u8bb0 \"\u9875\u9762\u8fdb\u884c\u9884\u5148\u767b\u8bb0\uff0c\u4e5f\u53ef\u4ee5\u5728\u6e38\u4e50\u573a\u5165\u53e3\u5904\u8fdb\u884c\u767b\u8bb0\u3002<\/p>\n\t\t\t\t\t\t\t\t\t\t\t<\/div>\n\t\t\t\t<\/div>\n\t\t\t\t\t\t\t\n\t\t\t\t\n\t\t\t\t<div class=\"wd-accordion-item\">\n\t\t\t\t\t<div class=\"wd-accordion-title font-primary wd-fontsize-l wd-font-weight-600\" data-accordion-index=\"2\">\n\t\t\t\t\t\t<div class=\"wd-accordion-title-text\">\n\t\t\t\t\t\t\t\t\t\t\t\t\t\t<span>\n\t\t\t\t\t\t\t\t\u5982\u679c\u6211\u9700\u8981\u53d6\u6d88\u673a\u7968\uff0c\u8be5\u600e\u4e48\u529e\uff1f\t\t\t\t\t\t\t<\/span>\n\t\t\t\t\t\t<\/div>\n\t\t\t\t\t\t<span class=\"wd-accordion-opener\"><\/span>\n\t\t\t\t\t<\/div>\n\n\t\t\t\t\t<div class=\"wd-accordion-content wd-entry-content wd-fontsize-m\" data-accordion-index=\"2\">\n\t\t\t\t\t\t\t\t\t\t\t\t\t<p>\u5982\u9700\u53d6\u6d88\u8bbf\u5ba2\u6ce8\u518c\uff0c\u60a8\u53ef\u4ee5\u5411\u6211\u4eec\u7684\u652f\u6301\u7535\u5b50\u90ae\u4ef6\u5730\u5740\u53d1\u9001\u8bf7\u6c42\uff0c\u5e76\u63d0\u4f9b\u60a8\u7684\u8054\u7cfb\u4fe1\u606f\u3002<\/p>\n\t\t\t\t\t\t\t\t\t\t\t<\/div>\n\t\t\t\t<\/div>\n\t\t\t\t\t\t\t\n\t\t\t\t\n\t\t\t\t<div class=\"wd-accordion-item\">\n\t\t\t\t\t<div class=\"wd-accordion-title font-primary wd-fontsize-l wd-font-weight-600\" data-accordion-index=\"3\">\n\t\t\t\t\t\t<div class=\"wd-accordion-title-text\">\n\t\t\t\t\t\t\t\t\t\t\t\t\t\t<span>\n\t\t\t\t\t\t\t\t\u535a\u89c8\u4f1a\u671f\u95f4\u4f1a\u6709\u6d3b\u52a8\u5b89\u6392\u5417\uff1f\t\t\t\t\t\t\t<\/span>\n\t\t\t\t\t\t<\/div>\n\t\t\t\t\t\t<span class=\"wd-accordion-opener\"><\/span>\n\t\t\t\t\t<\/div>\n\n\t\t\t\t\t<div class=\"wd-accordion-content wd-entry-content wd-fontsize-m\" data-accordion-index=\"3\">\n\t\t\t\t\t\t\t\t\t\t\t\t\t<p>\u662f\u7684\uff0c\u7814\u8ba8\u4f1a\u548c\u90e8\u95e8\u4f1a\u8bae\u8ba1\u5212\u4e3e\u884c\u65f6\u5c06\u5728 \"\u6d3b\u52a8\u65e5\u7a0b \"\u9875\u9762\u4e0a\u516c\u5e03\u3002\u8bf7\u5b9a\u671f\u67e5\u770b\u3002<\/p>\n\t\t\t\t\t\t\t\t\t\t\t<\/div>\n\t\t\t\t<\/div>\n\t\t\t\t\t\t\t\n\t\t\t\t\n\t\t\t\t<div class=\"wd-accordion-item\">\n\t\t\t\t\t<div class=\"wd-accordion-title font-primary wd-fontsize-l wd-font-weight-600\" data-accordion-index=\"4\">\n\t\t\t\t\t\t<div class=\"wd-accordion-title-text\">\n\t\t\t\t\t\t\t\t\t\t\t\t\t\t<span>\n\t\t\t\t\t\t\t\t\u662f\u5426\u4e3a\u5a92\u4f53\u6210\u5458\u63d0\u4f9b\u7279\u522b\u6ce8\u518c\u670d\u52a1\uff1f\t\t\t\t\t\t\t<\/span>\n\t\t\t\t\t\t<\/div>\n\t\t\t\t\t\t<span class=\"wd-accordion-opener\"><\/span>\n\t\t\t\t\t<\/div>\n\n\t\t\t\t\t<div class=\"wd-accordion-content wd-entry-content wd-fontsize-m\" data-accordion-index=\"4\">\n\t\t\t\t\t\t\t\t\t\t\t\t\t<p>\u53ef\u4ee5\u3002\u5a92\u4f53\u6210\u5458\u53ef\u901a\u8fc7\u586b\u5199 \"\u5a92\u4f53\u767b\u8bb0\u8868 \"\u514d\u8d39\u83b7\u5f97\u5165\u573a\u8bc1\u3002\u8bf7\u4e0d\u8981\u5fd8\u8bb0\u6ce8\u660e\u60a8\u6240\u5c5e\u7684\u5a92\u4f53\u673a\u6784\u3002<\/p>\n\t\t\t\t\t\t\t\t\t\t\t<\/div>\n\t\t\t\t<\/div>\n\t\t\t\t\t\t\t\n\t\t\t\t\n\t\t\t\t<div class=\"wd-accordion-item\">\n\t\t\t\t\t<div class=\"wd-accordion-title font-primary wd-fontsize-l wd-font-weight-600\" data-accordion-index=\"5\">\n\t\t\t\t\t\t<div class=\"wd-accordion-title-text\">\n\t\t\t\t\t\t\t\t\t\t\t\t\t\t<span>\n\t\t\t\t\t\t\t\t\u5982\u4f55\u83b7\u53d6\u66f4\u591a\u4fe1\u606f\uff1f\t\t\t\t\t\t\t<\/span>\n\t\t\t\t\t\t<\/div>\n\t\t\t\t\t\t<span class=\"wd-accordion-opener\"><\/span>\n\t\t\t\t\t<\/div>\n\n\t\t\t\t\t<div class=\"wd-accordion-content wd-entry-content wd-fontsize-m\" data-accordion-index=\"5\">\n\t\t\t\t\t\t\t\t\t\t\t\t\t<p>\u5bf9\u4e8e\u7f51\u7ad9\u4e0a\u672a\u5217\u51fa\u7684\u6240\u6709\u95ee\u9898\uff0c\u60a8\u90fd\u53ef\u4ee5\u901a\u8fc7\u8054\u7cfb\u8868\u6216\u7535\u5b50\u90ae\u4ef6\u8054\u7cfb\u6211\u4eec\u7684\u652f\u6301\u56e2\u961f\u3002<\/p>\n\t\t\t\t\t\t\t\t\t\t\t<\/div>\n\t\t\t\t<\/div>\n\t\t\t\t\t\t\t\t\t\t\t\t\t\t<\/div>\n\n\t\t<\/div><\/div><\/div><\/div>\n<\/div>","protected":false},"excerpt":{"rendered":"Kat\u0131l\u0131mc\u0131lar \u0130\u00e7in S.S.S. Fuara kay\u0131t nas\u0131l olu\u015fturabilirim? Fuar kat\u0131l\u0131m\u0131 i\u00e7in web sitemizde yer alan \u201cKat\u0131l\u0131mc\u0131 Formu\u201dnu doldurarak ba\u015fvurunuzu ba\u015flatabilirsiniz. Bilgilerinizin","protected":false},"author":1,"featured_media":0,"parent":0,"menu_order":0,"comment_status":"closed","ping_status":"closed","template":"","meta":{"footnotes":""},"class_list":["post-123","page","type-page","status-publish","hentry"],"_links":{"self":[{"href":"https:\/\/nobelmastershoes.com\/zh-cn\/wp-json\/wp\/v2\/pages\/123","targetHints":{"allow":["GET"]}}],"collection":[{"href":"https:\/\/nobelmastershoes.com\/zh-cn\/wp-json\/wp\/v2\/pages"}],"about":[{"href":"https:\/\/nobelmastershoes.com\/zh-cn\/wp-json\/wp\/v2\/types\/page"}],"author":[{"embeddable":true,"href":"https:\/\/nobelmastershoes.com\/zh-cn\/wp-json\/wp\/v2\/users\/1"}],"replies":[{"embeddable":true,"href":"https:\/\/nobelmastershoes.com\/zh-cn\/wp-json\/wp\/v2\/comments?post=123"}],"version-history":[{"count":0,"href":"https:\/\/nobelmastershoes.com\/zh-cn\/wp-json\/wp\/v2\/pages\/123\/revisions"}],"wp:attachment":[{"href":"https:\/\/nobelmastershoes.com\/zh-cn\/wp-json\/wp\/v2\/media?parent=123"}],"curies":[{"name":"wp","href":"https:\/\/api.w.org\/{rel}","templated":true}]}}