{"id":132,"date":"2025-07-31T13:33:50","date_gmt":"2025-07-31T13:33:50","guid":{"rendered":"https:\/\/master.websitesunum.com.tr\/?page_id=132"},"modified":"2025-08-18T07:31:33","modified_gmt":"2025-08-18T07:31:33","slug":"ulasim","status":"publish","type":"page","link":"https:\/\/nobelmastershoes.com\/ar\/ulasim\/","title":{"rendered":"\u0627\u0644\u0646\u0642\u0644 \u0648\u0627\u0644\u0645\u0648\u0627\u0635\u0644\u0627\u062a"},"content":{"rendered":"<div class=\"wpb-content-wrapper\"><div id=\"ulasim\" class=\"vc_row wpb_row vc_row-fluid wd-rs-688b74522e2c9\"><div class=\"wpb_column vc_column_container vc_col-sm-12\"><div class=\"vc_column-inner\"><div class=\"wpb_wrapper\">\n\t\t<div id=\"wd-6888d4700a435\" class=\"wd-tabs wd-wpb wd-rs-6888d4700a435 tabs-design-simple\">\n\t\t\t<div class=\"wd-tabs-header text-center\">\n\t\t\t\t\n\t\t\t\t\n\t\t\t\t<div class=\"wd-nav-wrapper wd-nav-tabs-wrapper\">\n\t\t\t\t\t<ul class=\"wd-nav wd-nav-tabs wd-icon-pos-left wd-style-default font-primary wd-fontsize-m wd-font-weight-800\">\n\t\t\t\t\t\t\t\t\t\t\t\t\t\n\t\t\t\t\t\t\t<li>\n\t\t\t\t\t\t\t\t<a href=\"#\" class=\"wd-nav-link\">\n\t\t\t\t\t\t\t\t\t\t\t\t\t\t\t\t\t\t\t<span class=\"img-wrapper\"><i class=\"fa fa-solid fa-car-rear\"><\/i><\/span>\t\t\t\t\t\t\t\t\t\t\t\t\t\t\t\t\t\t<span class=\"nav-link-text wd-tabs-title\">\n\t\t\t\t\t\t\t\t\t\t\u0645\u0631\u0643\u0628\u0629 \u062e\u0627\u0635\u0629\t\t\t\t\t\t\t\t\t<\/span>\n\t\t\t\t\t\t\t\t<\/a>\n\t\t\t\t\t\t\t<\/li>\n\n\t\t\t\t\t\t\t\t\t\t\t\t\t\n\t\t\t\t\t\t\t<li>\n\t\t\t\t\t\t\t\t<a href=\"#\" class=\"wd-nav-link\">\n\t\t\t\t\t\t\t\t\t\t\t\t\t\t\t\t\t\t\t<span class=\"img-wrapper\"><i class=\"fa fa-solid fa-bus\"><\/i><\/span>\t\t\t\t\t\t\t\t\t\t\t\t\t\t\t\t\t\t<span class=\"nav-link-text wd-tabs-title\">\n\t\t\t\t\t\t\t\t\t\t\u0627\u0644\u0646\u0642\u0644 \u0627\u0644\u0639\u0627\u0645\t\t\t\t\t\t\t\t\t<\/span>\n\t\t\t\t\t\t\t\t<\/a>\n\t\t\t\t\t\t\t<\/li>\n\n\t\t\t\t\t\t\t\t\t\t\t\t\t\n\t\t\t\t\t\t\t<li>\n\t\t\t\t\t\t\t\t<a href=\"#\" class=\"wd-nav-link\">\n\t\t\t\t\t\t\t\t\t\t\t\t\t\t\t\t\t\t\t<span class=\"img-wrapper\"><i class=\"fa fa-solid fa-plane-up\"><\/i><\/span>\t\t\t\t\t\t\t\t\t\t\t\t\t\t\t\t\t\t<span class=\"nav-link-text wd-tabs-title\">\n\t\t\t\t\t\t\t\t\t\t\u0627\u0644\u062e\u0637\u0648\u0637 \u0627\u0644\u062c\u0648\u064a\u0629\t\t\t\t\t\t\t\t\t<\/span>\n\t\t\t\t\t\t\t\t<\/a>\n\t\t\t\t\t\t\t<\/li>\n\n\t\t\t\t\t\t\t\t\t\t\t\t\t\n\t\t\t\t\t\t\t<li>\n\t\t\t\t\t\t\t\t<a href=\"#\" class=\"wd-nav-link\">\n\t\t\t\t\t\t\t\t\t\t\t\t\t\t\t\t\t\t\t<span class=\"img-wrapper\"><i class=\"fa fa-solid fa-train-subway\"><\/i><\/span>\t\t\t\t\t\t\t\t\t\t\t\t\t\t\t\t\t\t<span class=\"nav-link-text wd-tabs-title\">\n\t\t\t\t\t\t\t\t\t\t\u0627\u0644\u0633\u0643\u0643 \u0627\u0644\u062d\u062f\u064a\u062f\u064a\u0629\t\t\t\t\t\t\t\t\t<\/span>\n\t\t\t\t\t\t\t\t<\/a>\n\t\t\t\t\t\t\t<\/li>\n\n\t\t\t\t\t\t\t\t\t\t\t\t\t\n\t\t\t\t\t\t\t<li>\n\t\t\t\t\t\t\t\t<a href=\"#\" class=\"wd-nav-link\">\n\t\t\t\t\t\t\t\t\t\t\t\t\t\t\t\t\t\t\t<span class=\"img-wrapper\"><i class=\"fa fa-solid fa-taxi\"><\/i><\/span>\t\t\t\t\t\t\t\t\t\t\t\t\t\t\t\t\t\t<span class=\"nav-link-text wd-tabs-title\">\n\t\t\t\t\t\t\t\t\t\t\u0633\u064a\u0627\u0631\u0629 \u0623\u062c\u0631\u0629 \u0623\u0648 \u0646\u0642\u0644 \u062e\u0627\u0635\t\t\t\t\t\t\t\t\t<\/span>\n\t\t\t\t\t\t\t\t<\/a>\n\t\t\t\t\t\t\t<\/li>\n\n\t\t\t\t\t\t\n\t\t\t\t\t<\/ul>\n\t\t\t\t<\/div>\n\t\t\t<\/div>\n\n\t\t\t<div class=\"wd-tabs-content-wrapper\">\n\t\t\t\t\n\t\t<div class=\"wd-tab-content\">\n\t\t\t\t\t\t\t<div class=\"wd-entry-content\">\n\t\t\t\t\t- \u062a\u0642\u0639 \u0623\u0631\u0636 \u0627\u0644\u0645\u0639\u0627\u0631\u0636 \u0639\u0644\u0649 \u0628\u064f\u0639\u062f 20-25 \u062f\u0642\u064a\u0642\u0629 \u062a\u0642\u0631\u064a\u0628\u0627\u064b \u0628\u0627\u0644\u0633\u064a\u0627\u0631\u0629 \u0645\u0646 \u0648\u0633\u0637 \u0645\u062f\u064a\u0646\u0629 \u0642\u0648\u0646\u064a\u0629.<br \/>\n- \u064a\u0645\u0643\u0646 \u0627\u0644\u0648\u0635\u0648\u0644 \u0645\u0628\u0627\u0634\u0631\u0629\u064b \u0625\u0644\u0649 \u0623\u0631\u0636 \u0627\u0644\u0645\u0639\u0627\u0631\u0636 \u0639\u0628\u0631 \u0634\u0627\u0631\u0639 \u0623\u0646\u0642\u0631\u0629.<br \/>\n- \u062a\u062a\u0648\u0641\u0631 \u0645\u0648\u0627\u0642\u0641 \u0645\u062c\u0627\u0646\u064a\u0629 \u0644\u0644\u0633\u064a\u0627\u0631\u0627\u062a \u0641\u064a \u0623\u0631\u0636 \u0627\u0644\u0645\u0639\u0627\u0631\u0636.<\/p>\n<p>\t\t\t\t<\/div>\n\t\t\t\t\t<\/div>\n\n\t\t\n\t\t<div class=\"wd-tab-content\">\n\t\t\t\t\t\t\t<div class=\"wd-entry-content\">\n\t\t\t\t\t- \u064a\u0645\u0643\u0646\u0643 \u0627\u0644\u0648\u0635\u0648\u0644 \u0625\u0644\u0649 \u0623\u0631\u0636 \u0627\u0644\u0645\u0639\u0627\u0631\u0636 \u0645\u0646 \u0648\u0633\u0637 \u0645\u062f\u064a\u0646\u0629 \u0642\u0648\u0646\u064a\u0629 \u0639\u0646 \u0637\u0631\u064a\u0642 \u062e\u0637\u0648\u0637 \u0627\u0644\u0645\u0648\u0627\u0635\u0644\u0627\u062a \u0627\u0644\u0639\u0627\u0645\u0629 \u0645\u0639 \u0648\u0635\u0644\u0627\u062a \u0627\u0644\u062a\u0631\u0627\u0645 \u0648\u0627\u0644\u062d\u0627\u0641\u0644\u0627\u062a.<br \/>\n- \u062e\u0637\u0648\u0637 \u0627\u0644\u062d\u0627\u0641\u0644\u0627\u062a: \u062a\u0642\u0639 \u062e\u0637\u0648\u0637 51A \u064859B \u064860 \u064866 \u0628\u0627\u0644\u0642\u0631\u0628 \u0645\u0646 \u0645\u0633\u0627\u0631 \u0645\u0631\u0643\u0632 \u0627\u0644\u0645\u0639\u0627\u0631\u0636.<br \/>\n- \u0645\u062d\u0637\u0629 \u0627\u0644\u062a\u0648\u0642\u0641: \u064a\u0645\u0643\u0646 \u0627\u0644\u0648\u0635\u0648\u0644 \u0633\u064a\u0631\u0627\u064b \u0639\u0644\u0649 \u0627\u0644\u0623\u0642\u062f\u0627\u0645 \u0639\u0628\u0631 \"T\u00dcYAP \/ \u0623\u0631\u0636 \u0627\u0644\u0645\u0639\u0627\u0631\u0636\" \u0623\u0648 \u0623\u0642\u0631\u0628 \u0645\u062d\u0637\u0629 \"\u0645\u062d\u0637\u0629 \u062d\u0627\u0641\u0644\u0627\u062a \u0643\u0627\u0631\u0627\u062a\u0627\u064a\".<br \/>\n- \u0644\u0644\u062d\u0635\u0648\u0644 \u0639\u0644\u0649 \u0645\u0639\u0644\u0648\u0645\u0627\u062a \u0627\u0644\u0645\u0633\u0627\u0631 \u0648\u0627\u0644\u0648\u0642\u062a \u0627\u0644\u062d\u0627\u0644\u064a:<br \/>\n\ud83d\udd17<a href=\"http:\/\/www.konya.bel.tr\"> www.konya.bel.tr<\/a> \u0623\u0648 <a href=\"http:\/\/www.atus.konya.bel.tr\">www.atus.konya.bel.tr<\/a>\t\t\t\t<\/div>\n\t\t\t\t\t<\/div>\n\n\t\t\n\t\t<div class=\"wd-tab-content\">\n\t\t\t\t\t\t\t<div class=\"wd-entry-content\">\n\t\t\t\t\t- \u064a\u0642\u0639 \u0645\u0637\u0627\u0631 \u0642\u0648\u0646\u064a\u0629 (KYA) \u0639\u0644\u0649 \u0628\u064f\u0639\u062f 30-35 \u062f\u0642\u064a\u0642\u0629 \u062a\u0642\u0631\u064a\u0628\u0627\u064b \u0645\u0646 \u0645\u0631\u0643\u0632 \u0627\u0644\u0645\u0639\u0631\u0636.<br \/>\n- \u064a\u0645\u0643\u0646 \u0627\u0644\u0648\u0635\u0648\u0644 \u0627\u0644\u0645\u0628\u0627\u0634\u0631 \u0628\u0633\u064a\u0627\u0631\u0629 \u062a\u0627\u0643\u0633\u064a \u0623\u0648 \u0633\u064a\u0627\u0631\u0629 \u0645\u0633\u062a\u0623\u062c\u0631\u0629 \u0623\u0648 \u0648\u0633\u064a\u0644\u0629 \u0646\u0642\u0644 \u062e\u0627\u0635\u0629.<br \/>\n- \u0628\u0639\u062f \u0627\u0644\u0648\u0635\u0648\u0644 \u0625\u0644\u0649 \u0648\u0633\u0637 \u0627\u0644\u0645\u062f\u064a\u0646\u0629 \u0645\u0646 \u0627\u0644\u0645\u0637\u0627\u0631\u060c \u064a\u0645\u0643\u0646\u0643 \u0627\u0644\u0627\u0646\u062a\u0642\u0627\u0644 \u0625\u0644\u0649 \u0623\u0631\u0636 \u0627\u0644\u0645\u0639\u0627\u0631\u0636 \u0628\u0627\u0644\u062d\u0627\u0641\u0644\u0629 \u0623\u0648 \u0627\u0644\u062a\u0631\u0627\u0645.\t\t\t\t<\/div>\n\t\t\t\t\t<\/div>\n\n\t\t\n\t\t<div class=\"wd-tab-content\">\n\t\t\t\t\t\t\t<div class=\"wd-entry-content\">\n\t\t\t\t\t- \u062a\u0642\u0639 \u0645\u062d\u0637\u0629 \u0642\u0648\u0646\u064a\u0629 (YHT - \u0645\u062d\u0637\u0629 \u0627\u0644\u0642\u0637\u0627\u0631 \u0641\u0627\u0626\u0642 \u0627\u0644\u0633\u0631\u0639\u0629) \u0641\u064a \u0648\u0633\u0637 \u0627\u0644\u0645\u062f\u064a\u0646\u0629.<br \/>\n- \u064a\u0645\u0643\u0646\u0643 \u0627\u0644\u0648\u0635\u0648\u0644 \u0625\u0644\u0649 \u0645\u0631\u0643\u0632 \u0627\u0644\u0645\u0639\u0627\u0631\u0636 \u0645\u0646 \u0627\u0644\u0645\u062d\u0637\u0629 \u0641\u064a \u062d\u0648\u0627\u0644\u064a 20-25 \u062f\u0642\u064a\u0642\u0629 \u0628\u0627\u0644\u062a\u0627\u0643\u0633\u064a.<br \/>\n- \u0643\u0645\u0627 \u064a\u0645\u0643\u0646 \u0627\u0633\u062a\u062e\u062f\u0627\u0645 \u0648\u0633\u0627\u0626\u0644 \u0627\u0644\u0646\u0642\u0644 \u0627\u0644\u0639\u0627\u0645 \u0648\u062e\u0637\u0648\u0637 \u0627\u0644\u062d\u0627\u0641\u0644\u0627\u062a \u0625\u0644\u0649 \u0645\u062d\u0637\u0629 \u0627\u0644\u062d\u0627\u0641\u0644\u0627\u062a\/\u0627\u0644\u0645\u0637\u0627\u0631.\t\t\t\t<\/div>\n\t\t\t\t\t<\/div>\n\n\t\t\n\t\t<div class=\"wd-tab-content\">\n\t\t\t\t\t\t\t<div class=\"wd-entry-content\">\n\t\t\t\t\t- \u0645\u062a\u0648\u0633\u0637 \u0627\u0644\u0623\u062c\u0631\u0629 \u0628\u0627\u0644\u062a\u0627\u0643\u0633\u064a \u0645\u0646 \u0648\u0633\u0637 \u0627\u0644\u0645\u062f\u064a\u0646\u0629: 200-250 \u0644\u064a\u0631\u0629 \u062a\u0631\u0643\u064a\u0629 (\u0627\u0639\u062a\u0628\u0627\u0631\u0627\u064b \u0645\u0646 \u064a\u0648\u0644\u064a\u0648 2025)<br \/>\n- \u062a\u062a\u0648\u0641\u0631 \u062e\u062f\u0645\u0629 \u0646\u0642\u0644 \u062e\u0627\u0635\u0629 \u0645\u0646 \u0627\u0644\u0645\u0637\u0627\u0631 \u0623\u0648 \u0645\u062d\u0637\u0629 \u0627\u0644\u0633\u0643\u0643 \u0627\u0644\u062d\u062f\u064a\u062f\u064a\u0629 \u0623\u0648 \u0627\u0644\u0641\u0646\u0627\u062f\u0642.<\/p>\n<p>\t\t\t\t<\/div>\n\t\t\t\t\t<\/div>\n\n\t\t\t\t\t<\/div>\n\t\t<\/div>\n\n\t\t<\/div><\/div><\/div><\/div><div class=\"vc_row wpb_row vc_row-fluid\"><div class=\"wpb_column vc_column_container vc_col-sm-12\"><div class=\"vc_column-inner\"><div class=\"wpb_wrapper\">\t\t\t<div class=\"info-box-wrapper\">\n\t\t\t\t<div id=\"wd-68a2d6d07cf0e\" class=\"wd-rs-68a2d6d07cf0e wd-info-box wd-wpb text-left box-icon-align-left box-style- color-scheme- wd-bg-none wd-items-middle\">\n\t\t\t\t\t\t\t\t\t\t\t<div class=\"box-icon-wrapper  box-with-icon box-icon-simple\">\n\t\t\t\t\t\t\t<div class=\"info-box-icon\">\n\n\t\t\t\t\t\t\t\n\t\t\t\t\t\t\t\t\t\t\t\t\t\t\t\t\t<div class=\"info-svg-wrapper\" style=\"width: 40px;height: 40px;\"><img decoding=\"async\"  src=\"https:\/\/nobelmastershoes.com\/wp-content\/uploads\/2025\/08\/map-location-dot-solid-1.svg\" title=\"\u062e\u0631\u064a\u0637\u0629-\u0645\u0648\u0642\u0639-\u0645\u0648\u0642\u0639-\u0646\u0642\u0637\u0629-\u0645\u0635\u0645\u062a\u0629\" loading=\"lazy\" width=\"40\" height=\"40\"><\/div>\t\t\t\t\t\t\t\t\t\t\t\t\t\t\t\n\t\t\t\t\t\t\t<\/div>\n\t\t\t\t\t\t<\/div>\n\t\t\t\t\t\t\t\t\t\t<div class=\"info-box-content\">\n\t\t\t\t\t\t<h4 class=\"info-box-title title box-title-style-default wd-fontsize-xl\">\u0645\u0631\u0643\u0632 \u062a\u0648\u064a\u0627\u0628 \u0642\u0648\u0646\u064a\u0629 \u0627\u0644\u062f\u0648\u0644\u064a \u0644\u0644\u0645\u0639\u0627\u0631\u0636 \u0627\u0644\u062f\u0648\u0644\u064a\u0629<\/h4>\t\t\t\t\t\t<div class=\"info-box-inner reset-last-child\"><\/div>\n\n\t\t\t\t\t\t\t\t\t\t\t<\/div>\n\n\t\t\t\t\t\n\t\t\t\t\t\t\t\t\t<\/div>\n\t\t\t<\/div>\n\t\t<\/div><\/div><\/div><\/div><div class=\"vc_row wpb_row vc_row-fluid\"><div class=\"wpb_column vc_column_container vc_col-sm-12\"><div class=\"vc_column-inner\"><div class=\"wpb_wrapper\">\n\t<div class=\"wpb_raw_code wpb_raw_html wpb_content_element\" >\n\t\t<div class=\"wpb_wrapper\">\n\t\t\t<iframe src=\"https:\/\/www.google.com\/maps\/embed?pb=!1m18!1m12!1m3!1d3146.3955053816344!2d32.558716076424986!3d37.94455020236114!2m3!1f0!2f0!3f0!3m2!1i1024!2i768!4f13.1!3m3!1m2!1s0x14d0919321dc29c3%3A0xc16cc6063bd1497e!2sT%C3%9CYAP%20KONYA!5e0!3m2!1str!2str!4v1753969084380!5m2!1str!2str\" width=\"100%\" height=\"450\" style=\"border:0;\" allowfullscreen=\"\" loading=\"lazy\" referrerpolicy=\"no-referrer-when-downgrade\"><\/iframe>\n\t\t<\/div>\n\t<\/div>\n<\/div><\/div><\/div><\/div>\n<\/div>","protected":false},"excerpt":{"rendered":"\u00d6zel Ara\u00e7 Toplu Ta\u015f\u0131ma Havayolu Demiryolu Taksi veya \u00d6zel Transfer \u2022 Fuar alan\u0131, Konya \u015fehir merkezine yakla\u015f\u0131k 20\u201325 dakika s\u00fcr\u00fc\u015f","protected":false},"author":1,"featured_media":0,"parent":0,"menu_order":0,"comment_status":"closed","ping_status":"closed","template":"","meta":{"footnotes":""},"class_list":["post-132","page","type-page","status-publish","hentry"],"_links":{"self":[{"href":"https:\/\/nobelmastershoes.com\/ar\/wp-json\/wp\/v2\/pages\/132","targetHints":{"allow":["GET"]}}],"collection":[{"href":"https:\/\/nobelmastershoes.com\/ar\/wp-json\/wp\/v2\/pages"}],"about":[{"href":"https:\/\/nobelmastershoes.com\/ar\/wp-json\/wp\/v2\/types\/page"}],"author":[{"embeddable":true,"href":"https:\/\/nobelmastershoes.com\/ar\/wp-json\/wp\/v2\/users\/1"}],"replies":[{"embeddable":true,"href":"https:\/\/nobelmastershoes.com\/ar\/wp-json\/wp\/v2\/comments?post=132"}],"version-history":[{"count":0,"href":"https:\/\/nobelmastershoes.com\/ar\/wp-json\/wp\/v2\/pages\/132\/revisions"}],"wp:attachment":[{"href":"https:\/\/nobelmastershoes.com\/ar\/wp-json\/wp\/v2\/media?parent=132"}],"curies":[{"name":"wp","href":"https:\/\/api.w.org\/{rel}","templated":true}]}}